{"id":161,"date":"2017-09-22T14:47:34","date_gmt":"2017-09-22T12:47:34","guid":{"rendered":"http:\/\/jack-gondry.be\/?page_id=161"},"modified":"2020-01-14T21:06:42","modified_gmt":"2020-01-14T20:06:42","slug":"infos-et-medias","status":"publish","type":"page","link":"https:\/\/jack-gondry.be\/index.php\/infos-et-medias\/","title":{"rendered":"Infos et m\u00e9dias"},"content":{"rendered":"<p>Revivez l&rsquo;histoire des 75 ans de\u00a0 l&rsquo;orchestre \u00e0 travers ce <a href=\"http:\/\/jack-gondry.be\/wp-content\/uploads\/2017\/09\/JG75_story_in_10_episodes_v5.pdf\" target=\"_blank\" rel=\"noopener noreferrer\">r\u00e9cit en 10 \u00e9pisodes<\/a>, narr\u00e9 par Luc Paul.<\/p>\n<p>Retrouvez-nous sur <a href=\"https:\/\/www.youtube.com\/user\/jackgondrybigband\" target=\"_blank\" rel=\"noopener noreferrer\">Youtube<\/a> ainsi que sur <a href=\"https:\/\/www.facebook.com\/jackgondrybigband\/\" target=\"_blank\" rel=\"noopener noreferrer\">Facebook<\/a> !<\/p>\n<hr \/>\n<p>Cliquez pour visionner les photos des festivit\u00e9s du 75e anniversaire de l&rsquo;orchestre, les 18 novembre 2017 et 1e d\u00e9cembre 2018 \u00e0 Nivelles.<\/p>\n<p><a href=\"http:\/\/jack-gondry.be\/wp-content\/uploads\/2017\/12\/concert_JG_BN.jpg\"><img loading=\"lazy\" decoding=\"async\" class=\"alignnone size-thumbnail wp-image-202\" src=\"http:\/\/jack-gondry.be\/wp-content\/uploads\/2017\/12\/concert_JG_BN-150x150.jpg\" alt=\"\" width=\"150\" height=\"150\" srcset=\"https:\/\/jack-gondry.be\/wp-content\/uploads\/2017\/12\/concert_JG_BN-150x150.jpg 150w, https:\/\/jack-gondry.be\/wp-content\/uploads\/2017\/12\/concert_JG_BN-100x100.jpg 100w\" sizes=\"(max-width: 150px) 100vw, 150px\" \/>\u00a0<\/a><a href=\"http:\/\/jack-gondry.be\/wp-content\/uploads\/2017\/09\/concert_JG.jpg\"><img loading=\"lazy\" decoding=\"async\" class=\"alignnone size-thumbnail wp-image-211\" src=\"http:\/\/jack-gondry.be\/wp-content\/uploads\/2017\/09\/concert_JG-150x150.jpg\" alt=\"\" width=\"150\" height=\"150\" srcset=\"https:\/\/jack-gondry.be\/wp-content\/uploads\/2017\/09\/concert_JG-150x150.jpg 150w, https:\/\/jack-gondry.be\/wp-content\/uploads\/2017\/09\/concert_JG-100x100.jpg 100w\" sizes=\"(max-width: 150px) 100vw, 150px\" \/><\/a> <a href=\"http:\/\/jack-gondry.be\/wp-content\/uploads\/2019\/01\/JG_pano-2.jpg\"><img loading=\"lazy\" decoding=\"async\" class=\"alignnone size-thumbnail wp-image-247\" src=\"http:\/\/jack-gondry.be\/wp-content\/uploads\/2019\/01\/JG_pano-2-150x150.jpg\" alt=\"\" width=\"150\" height=\"150\" srcset=\"https:\/\/jack-gondry.be\/wp-content\/uploads\/2019\/01\/JG_pano-2-150x150.jpg 150w, https:\/\/jack-gondry.be\/wp-content\/uploads\/2019\/01\/JG_pano-2-100x100.jpg 100w\" sizes=\"(max-width: 150px) 100vw, 150px\" \/> <\/a><a href=\"http:\/\/jack-gondry.be\/wp-content\/uploads\/2019\/01\/JG_pano3.jpg\"><img loading=\"lazy\" decoding=\"async\" class=\"alignnone size-thumbnail wp-image-248\" src=\"http:\/\/jack-gondry.be\/wp-content\/uploads\/2019\/01\/JG_pano3-150x150.jpg\" alt=\"\" width=\"150\" height=\"150\" srcset=\"https:\/\/jack-gondry.be\/wp-content\/uploads\/2019\/01\/JG_pano3-150x150.jpg 150w, https:\/\/jack-gondry.be\/wp-content\/uploads\/2019\/01\/JG_pano3-100x100.jpg 100w\" sizes=\"(max-width: 150px) 100vw, 150px\" \/><\/a> <a href=\"http:\/\/jack-gondry.be\/wp-content\/uploads\/2019\/01\/PHP9559.jpg\"><img loading=\"lazy\" decoding=\"async\" class=\"alignnone size-thumbnail wp-image-243\" src=\"http:\/\/jack-gondry.be\/wp-content\/uploads\/2019\/01\/PHP9559-150x150.jpg\" alt=\"\" width=\"150\" height=\"150\" srcset=\"https:\/\/jack-gondry.be\/wp-content\/uploads\/2019\/01\/PHP9559-150x150.jpg 150w, https:\/\/jack-gondry.be\/wp-content\/uploads\/2019\/01\/PHP9559-100x100.jpg 100w\" sizes=\"(max-width: 150px) 100vw, 150px\" \/><\/a><a href=\"http:\/\/jack-gondry.be\/wp-content\/uploads\/2019\/12\/PHP0734-scaled.jpg\"><img loading=\"lazy\" decoding=\"async\" class=\"alignnone size-thumbnail wp-image-299\" src=\"http:\/\/jack-gondry.be\/wp-content\/uploads\/2019\/12\/PHP0734-150x150.jpg\" alt=\"\" width=\"150\" height=\"150\" srcset=\"https:\/\/jack-gondry.be\/wp-content\/uploads\/2019\/12\/PHP0734-150x150.jpg 150w, https:\/\/jack-gondry.be\/wp-content\/uploads\/2019\/12\/PHP0734-100x100.jpg 100w\" sizes=\"(max-width: 150px) 100vw, 150px\" \/><\/a><\/p>\n<hr \/>\n<div class=\"epyt-gallery\" data-currpage=\"1\" id=\"epyt_gallery_84303\"><figure class=\"wp-block-embed wp-block-embed-youtube is-type-video is-provider-youtube epyt-figure\"><div class=\"wp-block-embed__wrapper\"><iframe loading=\"lazy\"  id=\"_ytid_20820\"  width=\"525\" height=\"295\"  data-origwidth=\"525\" data-origheight=\"295\" src=\"https:\/\/www.youtube.com\/embed\/Q-DRcShndL0?enablejsapi=1&autoplay=0&cc_load_policy=0&cc_lang_pref=&iv_load_policy=1&loop=0&rel=1&fs=1&playsinline=0&autohide=2&theme=dark&color=red&controls=1&\" class=\"__youtube_prefs__  no-lazyload\" title=\"YouTube player\"  data-epytgalleryid=\"epyt_gallery_84303\"  allow=\"fullscreen; accelerometer; autoplay; clipboard-write; encrypted-media; gyroscope; picture-in-picture\" allowfullscreen data-no-lazy=\"1\" data-skipgform_ajax_framebjll=\"\"><\/iframe><\/div><\/figure><div class=\"epyt-gallery-list\"><div class=\"epyt-pagination \"><div tabindex=\"0\" role=\"button\" class=\"epyt-pagebutton epyt-prev  hide \" data-playlistid=\"PLIloJbgT9y3Qq8rYkXrPyGYgmX-X77DB2\" data-pagesize=\"15\" data-pagetoken=\"\" data-epcolumns=\"3\" data-showtitle=\"1\" data-showpaging=\"1\" data-autonext=\"0\" data-thumbplay=\"1\"><div class=\"epyt-arrow\">&laquo;<\/div> <div>Prev<\/div><\/div><div class=\"epyt-pagenumbers hide\"><div class=\"epyt-current\">1<\/div><div class=\"epyt-pageseparator\"> \/ <\/div><div class=\"epyt-totalpages\">1<\/div><\/div><div tabindex=\"0\" role=\"button\" class=\"epyt-pagebutton epyt-next hide \" data-playlistid=\"PLIloJbgT9y3Qq8rYkXrPyGYgmX-X77DB2\" data-pagesize=\"15\" data-pagetoken=\"\" data-epcolumns=\"3\" data-showtitle=\"1\" data-showpaging=\"1\" data-autonext=\"0\" data-thumbplay=\"1\"><div>Next<\/div> <div class=\"epyt-arrow\">&raquo;<\/div><\/div><div class=\"epyt-loader\"><img loading=\"lazy\" decoding=\"async\" alt=\"loading\" width=\"16\" height=\"11\" src=\"https:\/\/jack-gondry.be\/wp-content\/plugins\/youtube-embed-plus\/images\/gallery-page-loader.gif\"><\/div><\/div><div class=\"epyt-gallery-allthumbs  epyt-cols-3 \"><div tabindex=\"0\" role=\"button\" data-videoid=\"Q-DRcShndL0\" class=\"epyt-gallery-thumb\"><div class=\"epyt-gallery-img-box\"><div class=\"epyt-gallery-img\" style=\"background-image: url(https:\/\/i.ytimg.com\/vi\/Q-DRcShndL0\/hqdefault.jpg)\"><div class=\"epyt-gallery-playhover\"><img loading=\"lazy\" decoding=\"async\" alt=\"play\" class=\"epyt-play-img\" width=\"30\" height=\"23\" src=\"https:\/\/jack-gondry.be\/wp-content\/plugins\/youtube-embed-plus\/images\/playhover.png\" data-no-lazy=\"1\" data-skipgform_ajax_framebjll=\"\" \/><div class=\"epyt-gallery-playcrutch\"><\/div><\/div><\/div><\/div><div class=\"epyt-gallery-title\">Highlights from November 30, 2019<\/div><\/div><div tabindex=\"0\" role=\"button\" data-videoid=\"rDG9YKMTJ6I\" class=\"epyt-gallery-thumb\"><div class=\"epyt-gallery-img-box\"><div class=\"epyt-gallery-img\" style=\"background-image: url(https:\/\/i.ytimg.com\/vi\/rDG9YKMTJ6I\/hqdefault.jpg)\"><div class=\"epyt-gallery-playhover\"><img loading=\"lazy\" decoding=\"async\" alt=\"play\" class=\"epyt-play-img\" width=\"30\" height=\"23\" src=\"https:\/\/jack-gondry.be\/wp-content\/plugins\/youtube-embed-plus\/images\/playhover.png\" data-no-lazy=\"1\" data-skipgform_ajax_framebjll=\"\" \/><div class=\"epyt-gallery-playcrutch\"><\/div><\/div><\/div><\/div><div class=\"epyt-gallery-title\">Photo gallery of November 30, 2019<\/div><\/div><div tabindex=\"0\" role=\"button\" data-videoid=\"HicAkCKNZE0\" class=\"epyt-gallery-thumb\"><div class=\"epyt-gallery-img-box\"><div class=\"epyt-gallery-img\" style=\"background-image: url(https:\/\/i.ytimg.com\/vi\/HicAkCKNZE0\/hqdefault.jpg)\"><div class=\"epyt-gallery-playhover\"><img loading=\"lazy\" decoding=\"async\" alt=\"play\" class=\"epyt-play-img\" width=\"30\" height=\"23\" src=\"https:\/\/jack-gondry.be\/wp-content\/plugins\/youtube-embed-plus\/images\/playhover.png\" data-no-lazy=\"1\" data-skipgform_ajax_framebjll=\"\" \/><div class=\"epyt-gallery-playcrutch\"><\/div><\/div><\/div><\/div><div class=\"epyt-gallery-title\">Jack Gondry and His New Music : For Dancers Only (Nivelles, November 2019)<\/div><\/div><div class=\"epyt-gallery-rowbreak\"><\/div><div tabindex=\"0\" role=\"button\" data-videoid=\"rsyMOpl7czk\" class=\"epyt-gallery-thumb\"><div class=\"epyt-gallery-img-box\"><div class=\"epyt-gallery-img\" style=\"background-image: url(https:\/\/i.ytimg.com\/vi\/rsyMOpl7czk\/hqdefault.jpg)\"><div class=\"epyt-gallery-playhover\"><img loading=\"lazy\" decoding=\"async\" alt=\"play\" class=\"epyt-play-img\" width=\"30\" height=\"23\" src=\"https:\/\/jack-gondry.be\/wp-content\/plugins\/youtube-embed-plus\/images\/playhover.png\" data-no-lazy=\"1\" data-skipgform_ajax_framebjll=\"\" \/><div class=\"epyt-gallery-playcrutch\"><\/div><\/div><\/div><\/div><div class=\"epyt-gallery-title\">Jack Gondry at the Movies<\/div><\/div><div tabindex=\"0\" role=\"button\" data-videoid=\"jgm4Ww5LE30\" class=\"epyt-gallery-thumb\"><div class=\"epyt-gallery-img-box\"><div class=\"epyt-gallery-img\" style=\"background-image: url(https:\/\/i.ytimg.com\/vi\/jgm4Ww5LE30\/hqdefault.jpg)\"><div class=\"epyt-gallery-playhover\"><img loading=\"lazy\" decoding=\"async\" alt=\"play\" class=\"epyt-play-img\" width=\"30\" height=\"23\" src=\"https:\/\/jack-gondry.be\/wp-content\/plugins\/youtube-embed-plus\/images\/playhover.png\" data-no-lazy=\"1\" data-skipgform_ajax_framebjll=\"\" \/><div class=\"epyt-gallery-playcrutch\"><\/div><\/div><\/div><\/div><div class=\"epyt-gallery-title\">Jack Gondry and his New Music : Come On In<\/div><\/div><div tabindex=\"0\" role=\"button\" data-videoid=\"zFk9u1OwNO0\" class=\"epyt-gallery-thumb\"><div class=\"epyt-gallery-img-box\"><div class=\"epyt-gallery-img\" style=\"background-image: url(https:\/\/i.ytimg.com\/vi\/zFk9u1OwNO0\/hqdefault.jpg)\"><div class=\"epyt-gallery-playhover\"><img loading=\"lazy\" decoding=\"async\" alt=\"play\" class=\"epyt-play-img\" width=\"30\" height=\"23\" src=\"https:\/\/jack-gondry.be\/wp-content\/plugins\/youtube-embed-plus\/images\/playhover.png\" data-no-lazy=\"1\" data-skipgform_ajax_framebjll=\"\" \/><div class=\"epyt-gallery-playcrutch\"><\/div><\/div><\/div><\/div><div class=\"epyt-gallery-title\">Jack Gondry and his New Music + Big Noise : Saint James Infirmary<\/div><\/div><div class=\"epyt-gallery-rowbreak\"><\/div><div tabindex=\"0\" role=\"button\" data-videoid=\"FTdW2m-gxyM\" class=\"epyt-gallery-thumb\"><div class=\"epyt-gallery-img-box\"><div class=\"epyt-gallery-img\" style=\"background-image: url(https:\/\/i.ytimg.com\/vi\/FTdW2m-gxyM\/hqdefault.jpg)\"><div class=\"epyt-gallery-playhover\"><img loading=\"lazy\" decoding=\"async\" alt=\"play\" class=\"epyt-play-img\" width=\"30\" height=\"23\" src=\"https:\/\/jack-gondry.be\/wp-content\/plugins\/youtube-embed-plus\/images\/playhover.png\" data-no-lazy=\"1\" data-skipgform_ajax_framebjll=\"\" \/><div class=\"epyt-gallery-playcrutch\"><\/div><\/div><\/div><\/div><div class=\"epyt-gallery-title\">Jack Gondry and his New Music + Big Noise : Honeysuckle Rose<\/div><\/div><div tabindex=\"0\" role=\"button\" data-videoid=\"CAh4XV0hgZQ\" class=\"epyt-gallery-thumb\"><div class=\"epyt-gallery-img-box\"><div class=\"epyt-gallery-img\" style=\"background-image: url(https:\/\/i.ytimg.com\/vi\/CAh4XV0hgZQ\/hqdefault.jpg)\"><div class=\"epyt-gallery-playhover\"><img loading=\"lazy\" decoding=\"async\" alt=\"play\" class=\"epyt-play-img\" width=\"30\" height=\"23\" src=\"https:\/\/jack-gondry.be\/wp-content\/plugins\/youtube-embed-plus\/images\/playhover.png\" data-no-lazy=\"1\" data-skipgform_ajax_framebjll=\"\" \/><div class=\"epyt-gallery-playcrutch\"><\/div><\/div><\/div><\/div><div class=\"epyt-gallery-title\">Jack Gondry and his New Music : Festival Swing (1942)<\/div><\/div><div tabindex=\"0\" role=\"button\" data-videoid=\"82qrlYXx8cY\" class=\"epyt-gallery-thumb\"><div class=\"epyt-gallery-img-box\"><div class=\"epyt-gallery-img\" style=\"background-image: url(https:\/\/i.ytimg.com\/vi\/82qrlYXx8cY\/hqdefault.jpg)\"><div class=\"epyt-gallery-playhover\"><img loading=\"lazy\" decoding=\"async\" alt=\"play\" class=\"epyt-play-img\" width=\"30\" height=\"23\" src=\"https:\/\/jack-gondry.be\/wp-content\/plugins\/youtube-embed-plus\/images\/playhover.png\" data-no-lazy=\"1\" data-skipgform_ajax_framebjll=\"\" \/><div class=\"epyt-gallery-playcrutch\"><\/div><\/div><\/div><\/div><div class=\"epyt-gallery-title\">Jack Gondry and His New Music : Medley<\/div><\/div><div class=\"epyt-gallery-rowbreak\"><\/div><div tabindex=\"0\" role=\"button\" data-videoid=\"jv8z48aseC4\" class=\"epyt-gallery-thumb\"><div class=\"epyt-gallery-img-box\"><div class=\"epyt-gallery-img\" style=\"background-image: url(https:\/\/i.ytimg.com\/vi\/jv8z48aseC4\/hqdefault.jpg)\"><div class=\"epyt-gallery-playhover\"><img loading=\"lazy\" decoding=\"async\" alt=\"play\" class=\"epyt-play-img\" width=\"30\" height=\"23\" src=\"https:\/\/jack-gondry.be\/wp-content\/plugins\/youtube-embed-plus\/images\/playhover.png\" data-no-lazy=\"1\" data-skipgform_ajax_framebjll=\"\" \/><div class=\"epyt-gallery-playcrutch\"><\/div><\/div><\/div><\/div><div class=\"epyt-gallery-title\">Jack Gondry and His New Music : All the Things You Are (J. Kern, Arr. J. Gondry)<\/div><\/div><div tabindex=\"0\" role=\"button\" data-videoid=\"y71he6myiaA\" class=\"epyt-gallery-thumb\"><div class=\"epyt-gallery-img-box\"><div class=\"epyt-gallery-img\" style=\"background-image: url(https:\/\/i.ytimg.com\/vi\/y71he6myiaA\/hqdefault.jpg)\"><div class=\"epyt-gallery-playhover\"><img loading=\"lazy\" decoding=\"async\" alt=\"play\" class=\"epyt-play-img\" width=\"30\" height=\"23\" src=\"https:\/\/jack-gondry.be\/wp-content\/plugins\/youtube-embed-plus\/images\/playhover.png\" data-no-lazy=\"1\" data-skipgform_ajax_framebjll=\"\" \/><div class=\"epyt-gallery-playcrutch\"><\/div><\/div><\/div><\/div><div class=\"epyt-gallery-title\">Jack Gondry and his New Music : Take the &quot;A&quot; train<\/div><\/div><div tabindex=\"0\" role=\"button\" data-videoid=\"7ueuhfk4eNM\" class=\"epyt-gallery-thumb\"><div class=\"epyt-gallery-img-box\"><div class=\"epyt-gallery-img\" style=\"background-image: url(https:\/\/i.ytimg.com\/vi\/7ueuhfk4eNM\/hqdefault.jpg)\"><div class=\"epyt-gallery-playhover\"><img loading=\"lazy\" decoding=\"async\" alt=\"play\" class=\"epyt-play-img\" width=\"30\" height=\"23\" src=\"https:\/\/jack-gondry.be\/wp-content\/plugins\/youtube-embed-plus\/images\/playhover.png\" data-no-lazy=\"1\" data-skipgform_ajax_framebjll=\"\" \/><div class=\"epyt-gallery-playcrutch\"><\/div><\/div><\/div><\/div><div class=\"epyt-gallery-title\">Jack Gondry and his New Music : Liberation Medley<\/div><\/div><div class=\"epyt-gallery-rowbreak\"><\/div><div class=\"epyt-gallery-clear\"><\/div><\/div><div class=\"epyt-pagination \"><div tabindex=\"0\" role=\"button\" class=\"epyt-pagebutton epyt-prev  hide \" data-playlistid=\"PLIloJbgT9y3Qq8rYkXrPyGYgmX-X77DB2\" data-pagesize=\"15\" data-pagetoken=\"\" data-epcolumns=\"3\" data-showtitle=\"1\" data-showpaging=\"1\" data-autonext=\"0\" data-thumbplay=\"1\"><div class=\"epyt-arrow\">&laquo;<\/div> <div>Prev<\/div><\/div><div class=\"epyt-pagenumbers hide\"><div class=\"epyt-current\">1<\/div><div class=\"epyt-pageseparator\"> \/ <\/div><div class=\"epyt-totalpages\">1<\/div><\/div><div tabindex=\"0\" role=\"button\" class=\"epyt-pagebutton epyt-next hide \" data-playlistid=\"PLIloJbgT9y3Qq8rYkXrPyGYgmX-X77DB2\" data-pagesize=\"15\" data-pagetoken=\"\" data-epcolumns=\"3\" data-showtitle=\"1\" data-showpaging=\"1\" data-autonext=\"0\" data-thumbplay=\"1\"><div>Next<\/div> <div class=\"epyt-arrow\">&raquo;<\/div><\/div><div class=\"epyt-loader\"><img loading=\"lazy\" decoding=\"async\" alt=\"loading\" width=\"16\" height=\"11\" src=\"https:\/\/jack-gondry.be\/wp-content\/plugins\/youtube-embed-plus\/images\/gallery-page-loader.gif\"><\/div><\/div><\/div><\/div>\n","protected":false},"excerpt":{"rendered":"<p>Revivez l&rsquo;histoire des 75 ans de\u00a0 l&rsquo;orchestre \u00e0 travers ce r\u00e9cit en 10 \u00e9pisodes, narr\u00e9 par Luc Paul. Retrouvez-nous sur Youtube ainsi que sur Facebook ! Cliquez pour visionner les photos des festivit\u00e9s du 75e anniversaire de l&rsquo;orchestre, les 18 novembre 2017 et 1e d\u00e9cembre 2018 \u00e0 Nivelles. \u00a0<\/p>\n","protected":false},"author":2,"featured_media":0,"parent":0,"menu_order":0,"comment_status":"closed","ping_status":"closed","template":"","meta":{"footnotes":""},"_links":{"self":[{"href":"https:\/\/jack-gondry.be\/index.php\/wp-json\/wp\/v2\/pages\/161"}],"collection":[{"href":"https:\/\/jack-gondry.be\/index.php\/wp-json\/wp\/v2\/pages"}],"about":[{"href":"https:\/\/jack-gondry.be\/index.php\/wp-json\/wp\/v2\/types\/page"}],"author":[{"embeddable":true,"href":"https:\/\/jack-gondry.be\/index.php\/wp-json\/wp\/v2\/users\/2"}],"replies":[{"embeddable":true,"href":"https:\/\/jack-gondry.be\/index.php\/wp-json\/wp\/v2\/comments?post=161"}],"version-history":[{"count":14,"href":"https:\/\/jack-gondry.be\/index.php\/wp-json\/wp\/v2\/pages\/161\/revisions"}],"predecessor-version":[{"id":314,"href":"https:\/\/jack-gondry.be\/index.php\/wp-json\/wp\/v2\/pages\/161\/revisions\/314"}],"wp:attachment":[{"href":"https:\/\/jack-gondry.be\/index.php\/wp-json\/wp\/v2\/media?parent=161"}],"curies":[{"name":"wp","href":"https:\/\/api.w.org\/{rel}","templated":true}]}}